{"id":780,"date":"2023-11-02T17:26:28","date_gmt":"2023-11-02T17:26:28","guid":{"rendered":"https:\/\/angelika-bartsch.de\/?page_id=780"},"modified":"2026-03-23T21:23:01","modified_gmt":"2026-03-23T21:23:01","slug":"theater","status":"publish","type":"page","link":"https:\/\/angelika-bartsch.de\/?page_id=780","title":{"rendered":"Theater"},"content":{"rendered":"\n<pre class=\"wp-block-code\"><code><strong>Schauspiel Frankfurt 2026<\/strong>\nS\u00fcsser Vogel Jugend, Tante Nonnie\/Violet; Regie: Max Lindemann\n\n<strong>Schauspiel Frankfurt 2023\/24<\/strong>\nOrlando, Elisabeth I., Mrs. Grimsditch, Mrs. Bartholomew, Biographin; Regie: Anselm Weber &amp; Katrin Spira\n\n<strong>Theater Konstanz 2022\/23<\/strong>\nTot sind wir nicht, Beate, Regie: Swen Lasse Awe\n\n<strong>Ernst Deutsch Theater Hamburg 2022<\/strong>\nOnkel Wanja, Marija Wassilijewna, Regie: Anatol Preissler\n\n<strong>Kammerspiele Hamburg 2022<\/strong>\nHerr Klee und Herr Feld, Norma, Fr. K\u00f6nig, Fr. Menschikowa, Fr.Bennecke Regie: Ulrike Maack\n\n<strong>Schauspiel Frankfurt 2021\/22<\/strong>\nLiberte oh no no no, Ma\/B\/M\/O\/X\/V etc.,Regie: Sebastian Schug\nUrauff\u00fchrung von Anja Hilling\n\n<strong> Landesb\u00fchne Niedersachsen Nord\/ Wilhelmshaven 2019\/20\n<\/strong>Vor Sonnenaufgang, Annemarie Krause, Regie: Jakob Arnold\n\n<strong>Staatstheater Wiesbaden 2019\n<\/strong>V\u00f6gel, Leah, Regie: Daniel Kunze\n\n<strong>Theater Heilbronn 2019\n<\/strong>Dreigroschenoper, Frau Peachum, Regie: Thomas Winter\n\n<strong>ETA Hoffmann Theater Bamberg 2018\n<\/strong>Das achte Leben (f\u00fcr Brilka), Christine, Regie: Sibylle Broll-Pape\n\n<strong>ETA Hoffmann Theater Bamberg 2018\n<\/strong>Utopia, Urauff\u00fchrung, FRAU, Regie: Stefan Otteni\n\n<strong>Hamburger Kammerspiele 2017\n<\/strong>Chuzpe, Wiederaufnahme &amp; Tournee, Zofia, Regie: Henning Bock\n\n<strong>Hamburger Kammerspiele 2016\n<\/strong>Chuzpe, Wiederaufnahme &amp; Tournee, Zofia, Regie: Henning Bock\n\n<strong> Hamburger Kammerspiele 2015\n<\/strong>Chuzpe, deutsche Erstauff\u00fchrung,\u00a0Zofia, Regie: Henning Bock\n\n<strong>Burgfestspiele Bad Vilbel\u00a02014\n<\/strong>Nathan der Weise, Sittah, Regie: Ina Annett Keppel\n\n<strong>St. Pauli Theater 2014\n<\/strong>Wiederaufnahme Anatevka, Jente, Regie: Uli Waller\n\n<strong>St\u00e4dtische B\u00fchnen Osnabr\u00fcck 2013\/14\n<\/strong>Anatevka, Golde, Regie: Adriana Altaras\n\n<strong>Burgfestspiele Bad Vilbel 2013\nRomeo &amp; Julia, <\/strong>Amme, Regie: Ina Annett Keppel\n<strong>Im wei\u00dfen R\u00f6ssl am Wolfgangsee,<\/strong> die R\u00f6sslwirtin, Josepha Voglhuber,\u00a0Regie: Benedikt Borrmann\n\n<strong>St. Pauli Theater 2013\n<\/strong>Wiederaufnahme Anatevka, Jente, Regie: Uli Waller\n\n<strong>St\u00e4dtische B\u00fchnen Osnabr\u00fcck 2012\/13\n<\/strong>Anatevka, Golde, Regie: Adriana Altaras<strong>\u00a0<\/strong>\n\n<strong>Landesb\u00fchne Wilhelmshaven 2012\n<\/strong>Der zerbrochne Krug, Marthe Rull, Regie: Olaf Strieb\n\n<strong>St. Pauli Theater 2012\n<\/strong>Wiederaufnahme Anatevka, Jente, Regie: Uli Waller\n\n<strong>Theater Kiel\/ Oper 2012\n<\/strong>Hello Dolly, Ernestina, Regie: Olaf Strieb\n\n<strong>Landesb\u00fchne Wilhelmshaven 2011\/12\n<\/strong>Der zerbrochne Krug, Marthe Rull, Regie: Olaf Strieb\n\n<strong>Domfestspiele Bad Gandersheim 2011\n<\/strong><em>Wiederaufnahme:\n<\/em>Wie im Himmel, Inger, Regie: Johannes Klaus\n\n<strong>Festspielhaus Baden-Baden\/Frieder Burda Museum 2011\n<\/strong>Musikalisches Morgenerwachen\/ Hommage an Oscar Wilde, Rezitation\n\n<strong>St. Pauli Theater Hamburg 2011\n<\/strong>Anatevka, Jente, Regie: Uli Waller\n\n<strong>Theater Kiel \/ Oper 2010\/11\n<\/strong>Crazy for You, Charlotte Child \/ Marie-Claire Dupont, Regie: Olaf Strieb\n\n<strong>Domfestspiele Bad Gandersheim 2010\n<\/strong>Wie im Himmel, Inger, Regie: Johannes Klaus\nFliege mich zum Mond, Urauff\u00fchrung, Charlotte, Regie:<strong>\u00a0<\/strong>Christian Doll\n\n<strong>Landesb\u00fchne Wilhelmshaven 2010\/11\n<\/strong>Meta, Norddeich, Urauff\u00fchrung Rockmusical, Meta, Regie: Ingo Putz\n\n<strong>Burgfestspiele Bad Vilbel 2009\n<\/strong>Hamlet, Gertrud, Regie: Harald Demmer\nFloh im Ohr, Lucienne de Histangua, Regie: Barbara Neureiter\n\n<strong>Prinzregenttheater Bochum 2009\/10\n<\/strong>Dantons Tod, Marion\/Lucille\/B\u00fcrgerin, Regie: Sibylle Broll-Pape\n\n<strong>50. Domfestspiele Bad Gandersheim 2008\n<\/strong>Der zerbrochene Krug, Frau Brigitte, Regie: Johannes Klaus<strong>\n<\/strong>Dreigroschenoper, Frau Peachum, Regie: Olaf Strieb<strong>\n<\/strong>Komm gib mir deine Hand von Hilke Bultmann, Urauff\u00fchrung, Hilde M\u00fcller, Regie: Adewale Teodros Adebisi\n\n<strong>Prinzregent Theater Bochum 2008\n<\/strong>Die Liste der letzten Dinge von Theresia Walser, Helen, Regie: Sibylle Broll- Pape\n\n<strong>Kom\u00f6die an der Steinstra\u00dfe D\u00fcsseldorf 2007\n<\/strong>Harold and Maude, Mrs. Chasen, Regie: Udo Sch\u00fcrmer\n\n<strong>Prinzregent Theater Bochum 2007\n<\/strong>Im Schlitten Arthur Schopenhauers von Yasmina Reza, Nadine Chipman, Regie: Sibylle Broll- Pape\nSommernachtstraum, Hippolyta\/Titania\/Schnock(L\u00f6we), Regie Sibylle Broll- Pape\n\n<strong>D\u00fcsseldorfer Schauspielhaus\u00a02006\n<\/strong>Die Reise nach Bugulma von Jachym Topol, Jerochymova (Welturauff\u00fchrung), Regie: Gustav Rueb\n\n<strong>Freilichtspiele Schw\u00e4bisch Hall\u00a02005\n<\/strong>Dreigroschenoper, Frau Peachum, Regie: Christoph Biermeier\n\n<strong>Theaterproduktion D\u00fcsseldorf GmbH\u00a02004<\/strong>\nBel Ami, Madelaine Forestier, Regie: Helmut Fuschl\n\n<strong>Freilichtspiele Schw\u00e4bisch Hall\u00a02004<\/strong>\nRichard III, Herzogin von York, Regie: Jens Schmiedel\n\n<strong>FFT D\u00fcsseldorf\u00a02003<\/strong>\nGlasmenagerie, Amanda Wingfield, Regie: lngo Toben\n\n<strong>b\u00fchne 64, Z\u00fcrich\u00a02003<\/strong>\nBel Ami, Madelaine Forestier, Regie: Helmut Fuschl\n\n<strong>Theater TIEFROT K\u00f6ln\u00a02002<\/strong>\nBaal \/ Luise, Hausfrau, Soubrette, Maja, Kellnerin, Regie: Christine Sohn \/ Volker Lippmann\n\n<strong>Deutsches Nationaltheater Weimar\u00a02001\/03\n<\/strong>Lulu \/ Gr\u00e4fin von Geschwitz, Regie: Stephan M\u00e4rki\n\n<strong>Wuppertaler B\u00fchnen\u00a01994\/96<\/strong>\nFaust I \/ Marthe Schwerdtlein, Regie: Holk Freytag\nFaust\u00a0II \/ Klugheit, Chor der Troerinnen, die Schuld, Regie: Holk Freytag\n\n<strong>Wuppertaler B\u00fchnen\u00a01991\/94\n<\/strong>Faust I \/ Marthe Schwerdtlein, Regie: Holk Freytag\nJochen &amp; Inge \/ Barbara Sch\u00e4uffele, Regie: Holk Freytag\nFeuerwerk \/ Tante Paula, Regie: Frank-Bernd Gotschalk\nFaust II \/ Klugheit, Chor der Troerinnen, die Schuld, Regie: Holk Freytag\nHeine Abend \/ Gedichte und Gesang, Regie: Holk Freytag\nOliver \/ Nancy, Regie: J\u00f6rg Faliheier\nDie Fliegen \/ Frau, Regie: Paolo Magielli\nKiss me Kate \/ Kate, Regie: G.H.Seebach\nRichard II \/ Herzogin v. Gloster, Regie: Volker Lippmann\nIrre v. Chaillot \/ Josephine u. Constance, Regie: Kresimir Dolencic\nBeziehungswaise \/ Amerikanische Revue, Regie: Holk Freytag\nFamiliengesch\u00e4fte \/ Anita, Regie: H.Ch.Seeger\n\n<strong>Festspiele Bad Hersfeld\u00a01990\n<\/strong>Minna von Barnhelm \/ Franziska, Regie: Ingo Waszerka\n\n<strong>Schauspielhaus Hamburg\u00a01990<\/strong>\nRoad \/ Brenda, Molly, Helen, Marion, Louise, Regie: Peter K\u00fchn\n\n<strong>Burgfestspiele Jagsthausen\u00a01988\n<\/strong>G\u00f6tz von Berlichingen \/ Adelheid, Regie: Wolfgang Krassnitzer\n\n<strong>Schauspielhaus Hamburg\u00a01984\/86<\/strong>\nHerr Puntila und sein Knecht Matti \/ Apothekerfr\u00e4ulein, Regie: Frank Patrick Steckel\nKaukasischer Kreidekreis \/ Gouvemeursfi'au, Ludovika, B\u00e4uerin, Traktoristin, Regie: Holger Berg\nKlotz am Bein \/ Marceline, Regie: Fred Berndt\nEin Haufen L\u00fcgen \/ Thelma, Regie: Clifford Williams\nYerma \/ Schw\u00e4gerin, Regie: Peter Zadek\nGhetto \/ Chaja, Regie: Peter Zadek\n\n<strong>Staatstheater Kassel\u00a01983\/84<\/strong>\nEviva Amico \/ Clementina, Regie: Dr. Attila E. L\u00e1ng\nMy fair Lady \/ Eliza Doolittle, Regie: Martin Markun\n\n<strong>Staatstheater Karlsruhe\u00a01981\/82\n<\/strong>K\u00e4thchen von Heilbronn \/ K\u00e4thchen, Regie: Carsten Bodinus\nLebkuchenmann \/ Fr\u00e4ulein Pfeffer, Regie: Klaus Weise\n\n<strong>Schauspielhaus Essen\u00a01980\/81<\/strong>\nDarling Joe \/ Gladys, Regie: Robert Walker\nFegefeuer in Ingolstadt \/ Hermine Seitz; Regie: Mani Wintsch\nDas Glas Wasser \/ Columbine, Regie: Pavel Cerny\n\n<strong>Schauspielhaus Bochum\u00a01980\/81\n<\/strong>Fledermaus \/ Ida; Regie: AdolfDresen\nBambule \/ Nonne, Nutte, Regie: B. Richter<\/code><\/pre>\n","protected":false},"excerpt":{"rendered":"","protected":false},"author":1,"featured_media":0,"parent":0,"menu_order":0,"comment_status":"closed","ping_status":"closed","template":"","meta":{"_uag_custom_page_level_css":"","site-sidebar-layout":"default","site-content-layout":"","ast-site-content-layout":"default","site-content-style":"default","site-sidebar-style":"default","ast-global-header-display":"","ast-banner-title-visibility":"","ast-main-header-display":"","ast-hfb-above-header-display":"","ast-hfb-below-header-display":"","ast-hfb-mobile-header-display":"","site-post-title":"disabled","ast-breadcrumbs-content":"","ast-featured-img":"","footer-sml-layout":"","theme-transparent-header-meta":"","adv-header-id-meta":"","stick-header-meta":"","header-above-stick-meta":"","header-main-stick-meta":"","header-below-stick-meta":"","astra-migrate-meta-layouts":"set","ast-page-background-enabled":"default","ast-page-background-meta":{"desktop":{"background-color":"","background-image":"","background-repeat":"repeat","background-position":"center center","background-size":"auto","background-attachment":"scroll","background-type":"","background-media":"","overlay-type":"","overlay-color":"","overlay-opacity":"","overlay-gradient":""},"tablet":{"background-color":"","background-image":"","background-repeat":"repeat","background-position":"center center","background-size":"auto","background-attachment":"scroll","background-type":"","background-media":"","overlay-type":"","overlay-color":"","overlay-opacity":"","overlay-gradient":""},"mobile":{"background-color":"","background-image":"","background-repeat":"repeat","background-position":"center center","background-size":"auto","background-attachment":"scroll","background-type":"","background-media":"","overlay-type":"","overlay-color":"","overlay-opacity":"","overlay-gradient":""}},"ast-content-background-meta":{"desktop":{"background-color":"var(--ast-global-color-5)","background-image":"","background-repeat":"repeat","background-position":"center center","background-size":"auto","background-attachment":"scroll","background-type":"","background-media":"","overlay-type":"","overlay-color":"","overlay-opacity":"","overlay-gradient":""},"tablet":{"background-color":"var(--ast-global-color-5)","background-image":"","background-repeat":"repeat","background-position":"center center","background-size":"auto","background-attachment":"scroll","background-type":"","background-media":"","overlay-type":"","overlay-color":"","overlay-opacity":"","overlay-gradient":""},"mobile":{"background-color":"var(--ast-global-color-5)","background-image":"","background-repeat":"repeat","background-position":"center center","background-size":"auto","background-attachment":"scroll","background-type":"","background-media":"","overlay-type":"","overlay-color":"","overlay-opacity":"","overlay-gradient":""}},"footnotes":""},"class_list":["post-780","page","type-page","status-publish","hentry"],"uagb_featured_image_src":{"full":false,"thumbnail":false,"medium":false,"medium_large":false,"large":false,"1536x1536":false,"2048x2048":false},"uagb_author_info":{"display_name":"admin","author_link":"https:\/\/angelika-bartsch.de\/?author=1"},"uagb_comment_info":0,"uagb_excerpt":null,"_links":{"self":[{"href":"https:\/\/angelika-bartsch.de\/index.php?rest_route=\/wp\/v2\/pages\/780","targetHints":{"allow":["GET"]}}],"collection":[{"href":"https:\/\/angelika-bartsch.de\/index.php?rest_route=\/wp\/v2\/pages"}],"about":[{"href":"https:\/\/angelika-bartsch.de\/index.php?rest_route=\/wp\/v2\/types\/page"}],"author":[{"embeddable":true,"href":"https:\/\/angelika-bartsch.de\/index.php?rest_route=\/wp\/v2\/users\/1"}],"replies":[{"embeddable":true,"href":"https:\/\/angelika-bartsch.de\/index.php?rest_route=%2Fwp%2Fv2%2Fcomments&post=780"}],"version-history":[{"count":7,"href":"https:\/\/angelika-bartsch.de\/index.php?rest_route=\/wp\/v2\/pages\/780\/revisions"}],"predecessor-version":[{"id":1104,"href":"https:\/\/angelika-bartsch.de\/index.php?rest_route=\/wp\/v2\/pages\/780\/revisions\/1104"}],"wp:attachment":[{"href":"https:\/\/angelika-bartsch.de\/index.php?rest_route=%2Fwp%2Fv2%2Fmedia&parent=780"}],"curies":[{"name":"wp","href":"https:\/\/api.w.org\/{rel}","templated":true}]}}