{"id":779,"date":"2023-11-02T17:26:28","date_gmt":"2023-11-02T17:26:28","guid":{"rendered":"https:\/\/angelika-bartsch.de\/?page_id=779"},"modified":"2024-01-28T16:45:43","modified_gmt":"2024-01-28T16:45:43","slug":"biographie","status":"publish","type":"page","link":"https:\/\/angelika-bartsch.de\/?page_id=779","title":{"rendered":"Biographie"},"content":{"rendered":"\n<pre class=\"wp-block-code\"><code>Angelika Bartsch absolvierte die Schauspielschule in Bochum. Stationen ihrer Theaterkarriere waren und sind u.a. das D\u00fcsseldorfer Schauspielhaus, die Wuppertaler B\u00fchnen, das Deutsche Nationaltheater Weimar, das Schauspielhaus Hamburg, das Staatstheater Karlsruhe, die Landesb\u00fchne Wilhelmshaven, die Oper Kiel, die Oper Osnabr\u00fcck, das St. Pauli Theater Hamburg, die Kammerspiele Hamburg, das ETA Hoffmann Theater Bamberg, das Stadttheater Heilbronn, das Staatstheater Wiesbaden, das Ernst Deutsch Theater Hamburg,  das Schauspiel Frankfurt und nicht zuletzt: die Burgfestspiele Bad Vilbel. Sie spielte in zahlreichen Kino- und Fernsehfilmen, unter anderem in \u201eRote Erde\", \u201eSchlafes Bruder\" oder \u201eKinderspiele\", sowie in\u00a0etlichen Tatorten, \"ein Fall f\u00fcr\u00a0Zwei\", \"Wilsberg\", \"Soko K\u00f6ln\" &amp;amp; anderen\u00a0Fernseh-Serien.<\/code><\/pre>\n\n\n\n<pre class=\"wp-block-code\"><code>\u00a0\nTrotz der schrecklichen Auswirkungen der Corona Lockdowns und erschwerten Arbeitsbedingungen...konnten die Dreharbeiten f\u00fcr eine neue Miniserie f\u00fcr Sat1 - nach Unterbrechungen - gl\u00fccklicherweise fortgesetzt werden, ein Kieler \"Tatort\", eine Gastrolle im \"Gro\u00dfstadtrevier\", in der \"Kanzlei\", in \"Bettys Diagnose\" und in 4 \"Dortmunder Tatort\" eine kleine wiederkehrende Rolle konnten gedreht werden. Am 18. Februar 2024 wird der Tatort Dortmund mit dem Titel \"Cash\" zum ersten Mal in der ARD ausgestrahlt.\nAm Schauspiel Frankfurt l\u00e4uft bis Mai noch die Produktion \"Orlando\" und im April beginnen die Proben f\u00fcr \"Acht Frauen\" und \"Sekret\u00e4rinnen\" bei den geliebten Burgfestspielen in Bad Vilbel...<\/code><\/pre>\n\n\n\n<pre class=\"wp-block-code\"><code>\nAus H\u00f6rspielen f\u00fcr den WDR, SWR, SWF, BR, NDR&nbsp;ist Ihre Stimme vielen H\u00f6rern bekannt.&nbsp;Von 1998 bis 2005 arbeitete Angelika Bartsch regelm\u00e4\u00dfig als Regieassistentin bei Dokumentarfilm-Produktionen. Vom Jahr 2000 bis 2006&nbsp;war sie au\u00dferdem als Dozentin f\u00fcr Darstellung an der Arturo Schauspielschule K\u00f6ln in K\u00f6ln t\u00e4tig. Ab 2007 bis 2010&nbsp;\u00fcbte sie diese T\u00e4tigkeit an der SCHULE DES THEATERs im THEATER DER KELLER aus.<\/code><\/pre>\n\n\n\n<pre class=\"wp-block-code\"><code>\n2011 zog sie nach Hamburg zur\u00fcck.&nbsp;Einen genauen \u00dcberblick \u00fcber die k\u00fcnstlerischen Stationen von Angelika Bartsch finden Sie in den einzelnen Rubriken.<\/code><\/pre>\n\n\n\n<pre class=\"wp-block-code\"><code>\n2008 gewann sie den Roswitha Ring Preis als beste Schauspielerin der Domfestspiele Bad Gandersheim<\/code><\/pre>\n\n\n\n<pre class=\"wp-block-code\"><code>\n2017 spielte sie, unter der Regie von Franziska Meletzky, in dem Fernsehfilm \"Verr\u00e4ter- Tod am Meer\", ZDF, mit, das f\u00fcr den Bernd- Burgermeister-Preis beim Filmfest M\u00fcnchen nominiert war<\/code><\/pre>\n\n\n\n<pre class=\"wp-block-code\"><code>\n2018 wurde sie beim South Cinematographic Film Festival in Chile als \"best supporting actress in a short film\" f\u00fcr \"Schwarzer Regen\" geehrt.<\/code><\/pre>\n","protected":false},"excerpt":{"rendered":"","protected":false},"author":1,"featured_media":0,"parent":0,"menu_order":0,"comment_status":"closed","ping_status":"closed","template":"","meta":{"_uag_custom_page_level_css":"","site-sidebar-layout":"default","site-content-layout":"","ast-site-content-layout":"default","site-content-style":"default","site-sidebar-style":"default","ast-global-header-display":"","ast-banner-title-visibility":"","ast-main-header-display":"","ast-hfb-above-header-display":"","ast-hfb-below-header-display":"","ast-hfb-mobile-header-display":"","site-post-title":"disabled","ast-breadcrumbs-content":"","ast-featured-img":"","footer-sml-layout":"","theme-transparent-header-meta":"","adv-header-id-meta":"","stick-header-meta":"","header-above-stick-meta":"","header-main-stick-meta":"","header-below-stick-meta":"","astra-migrate-meta-layouts":"set","ast-page-background-enabled":"default","ast-page-background-meta":{"desktop":{"background-color":"","background-image":"","background-repeat":"repeat","background-position":"center center","background-size":"auto","background-attachment":"scroll","background-type":"","background-media":"","overlay-type":"","overlay-color":"","overlay-opacity":"","overlay-gradient":""},"tablet":{"background-color":"","background-image":"","background-repeat":"repeat","background-position":"center center","background-size":"auto","background-attachment":"scroll","background-type":"","background-media":"","overlay-type":"","overlay-color":"","overlay-opacity":"","overlay-gradient":""},"mobile":{"background-color":"","background-image":"","background-repeat":"repeat","background-position":"center center","background-size":"auto","background-attachment":"scroll","background-type":"","background-media":"","overlay-type":"","overlay-color":"","overlay-opacity":"","overlay-gradient":""}},"ast-content-background-meta":{"desktop":{"background-color":"var(--ast-global-color-5)","background-image":"","background-repeat":"repeat","background-position":"center center","background-size":"auto","background-attachment":"scroll","background-type":"","background-media":"","overlay-type":"","overlay-color":"","overlay-opacity":"","overlay-gradient":""},"tablet":{"background-color":"var(--ast-global-color-5)","background-image":"","background-repeat":"repeat","background-position":"center center","background-size":"auto","background-attachment":"scroll","background-type":"","background-media":"","overlay-type":"","overlay-color":"","overlay-opacity":"","overlay-gradient":""},"mobile":{"background-color":"var(--ast-global-color-5)","background-image":"","background-repeat":"repeat","background-position":"center center","background-size":"auto","background-attachment":"scroll","background-type":"","background-media":"","overlay-type":"","overlay-color":"","overlay-opacity":"","overlay-gradient":""}},"footnotes":""},"class_list":["post-779","page","type-page","status-publish","hentry"],"uagb_featured_image_src":{"full":false,"thumbnail":false,"medium":false,"medium_large":false,"large":false,"1536x1536":false,"2048x2048":false},"uagb_author_info":{"display_name":"admin","author_link":"https:\/\/angelika-bartsch.de\/?author=1"},"uagb_comment_info":0,"uagb_excerpt":null,"_links":{"self":[{"href":"https:\/\/angelika-bartsch.de\/index.php?rest_route=\/wp\/v2\/pages\/779","targetHints":{"allow":["GET"]}}],"collection":[{"href":"https:\/\/angelika-bartsch.de\/index.php?rest_route=\/wp\/v2\/pages"}],"about":[{"href":"https:\/\/angelika-bartsch.de\/index.php?rest_route=\/wp\/v2\/types\/page"}],"author":[{"embeddable":true,"href":"https:\/\/angelika-bartsch.de\/index.php?rest_route=\/wp\/v2\/users\/1"}],"replies":[{"embeddable":true,"href":"https:\/\/angelika-bartsch.de\/index.php?rest_route=%2Fwp%2Fv2%2Fcomments&post=779"}],"version-history":[{"count":6,"href":"https:\/\/angelika-bartsch.de\/index.php?rest_route=\/wp\/v2\/pages\/779\/revisions"}],"predecessor-version":[{"id":959,"href":"https:\/\/angelika-bartsch.de\/index.php?rest_route=\/wp\/v2\/pages\/779\/revisions\/959"}],"wp:attachment":[{"href":"https:\/\/angelika-bartsch.de\/index.php?rest_route=%2Fwp%2Fv2%2Fmedia&parent=779"}],"curies":[{"name":"wp","href":"https:\/\/api.w.org\/{rel}","templated":true}]}}